{"id":1624,"date":"2023-03-15T14:02:19","date_gmt":"2023-03-15T13:02:19","guid":{"rendered":"https:\/\/www.horizonviolet.com\/horizonvioletNEW\/?post_type=product&#038;p=1624"},"modified":"2023-04-07T13:46:43","modified_gmt":"2023-04-07T11:46:43","slug":"ricardo-sandoval-al-natural","status":"publish","type":"product","link":"https:\/\/www.lhorizonviolet.com\/en\/produit\/ricardo-sandoval-al-natural\/","title":{"rendered":"Ricardo Sandoval <span>AL NATURAL<\/span>"},"content":{"rendered":"<h2 align=\"left\"><b>AL NATURAL<br \/>\n<\/b><\/h2>\n<p>&nbsp;<\/p>\n<p><strong>Ricardo Sandoval <\/strong>: composition, mandolin, bandola llanera, bandola oriental<br \/>\n<strong>Nelson G\u00f3mez <\/strong>: guitarron ( mexican bass)<br \/>\n<strong>Rafael Mejias :<\/strong> percussion<br \/>\n<strong>Crist\u00f3bal Soto : <\/strong>cuatro (venezuelian guitar)<\/p>\n<p><strong>About the album \u00ab\u00a0Al Natural\u00a0\u00bb (2005)<br \/>\n<\/strong>\u00ab\u00a0For this album, I wanted a spontaneous recording, looking like a musical gathering with friends, without the coldness of the studio. With my accomplices Cristobal, Nelson and Rafael, we had a lot of concerts at that time and the repertoire had matured.<br \/>\nI was particularly motivated to record my compositions, because many of these pieces had been composed during our meetings. Cristobal\u2019s cuatro, this little Venezuelan guitar, Nelson\u2019s guitarron, a Mexican bass played with unparalleled flavor and Rafael\u2019s creative percussion perfectly accompanied the mandolin and bandolas.<\/p>\n<p>Where could we record then? The studio was, by the very concept of the album, excluded. On stage it would have been possible, but the diversity of conditions (sound, acoustics \u2026) could alter the expected quality for this recording. Finally, friends who lived in the countryside offered to record in their large living room. Fran\u00e7ois Dietz, the technician, installed all the necessary equipment in a room, connected with long wire.<br \/>\nThe result was as we dreamed it: we played everything simultaneously, without a metronome and without editing procedures. This is how we recorded \u00ab\u00a0Al natural\u00a0\u00bb \u2026\u00a0\u00bb<\/p>\n<p>Ricardo Sandoval<\/p>\n<p>Cover: \u00a9 Vanessa Fanuele<\/p>\n<p>&nbsp;<\/p>\n","protected":false},"excerpt":{"rendered":"<p>AL NATURAL &nbsp; Ricardo Sandoval : composition, mandolin, bandola llanera, bandola oriental Nelson G\u00f3mez : guitarron ( mexican bass) Rafael Mejias : percussion Crist\u00f3bal Soto : cuatro (venezuelian guitar) About the album \u00ab\u00a0Al Natural\u00a0\u00bb (2005) \u00ab\u00a0For this album, I wanted a spontaneous recording, looking like a musical gathering with friends, without the coldness of the [&hellip;]<\/p>\n","protected":false},"featured_media":1508,"template":"","meta":[],"product_brand":[],"product_cat":[],"product_tag":[],"class_list":{"0":"post-1624","1":"product","2":"type-product","3":"status-publish","4":"has-post-thumbnail","7":"first","8":"outofstock","9":"shipping-taxable","10":"purchasable","11":"product-type-simple"},"yoast_head":"<!-- This site is optimized with the Yoast SEO plugin v26.9 - https:\/\/yoast.com\/product\/yoast-seo-wordpress\/ -->\n<title>Ricardo Sandoval AL NATURAL - L&#039;Horizon Violet<\/title>\n<meta name=\"robots\" content=\"index, follow, max-snippet:-1, max-image-preview:large, max-video-preview:-1\" \/>\n<link rel=\"canonical\" href=\"https:\/\/www.lhorizonviolet.com\/en\/produit\/ricardo-sandoval-al-natural\/\" \/>\n<meta property=\"og:locale\" content=\"en_US\" \/>\n<meta property=\"og:type\" content=\"article\" \/>\n<meta property=\"og:title\" content=\"Ricardo Sandoval AL NATURAL - L&#039;Horizon Violet\" \/>\n<meta property=\"og:description\" content=\"AL NATURAL &nbsp; Ricardo Sandoval : composition, mandolin, bandola llanera, bandola oriental Nelson G\u00f3mez : guitarron ( mexican bass) Rafael Mejias : percussion Crist\u00f3bal Soto : cuatro (venezuelian guitar) About the album \u00ab\u00a0Al Natural\u00a0\u00bb (2005) \u00ab\u00a0For this album, I wanted a spontaneous recording, looking like a musical gathering with friends, without the coldness of the [&hellip;]\" \/>\n<meta property=\"og:url\" content=\"https:\/\/www.lhorizonviolet.com\/en\/produit\/ricardo-sandoval-al-natural\/\" \/>\n<meta property=\"og:site_name\" content=\"L&#039;Horizon Violet\" \/>\n<meta property=\"article:publisher\" content=\"https:\/\/www.facebook.com\/LHorizonviolet\" \/>\n<meta property=\"article:modified_time\" content=\"2023-04-07T11:46:43+00:00\" \/>\n<meta property=\"og:image\" content=\"https:\/\/www.lhorizonviolet.com\/wp-content\/uploads\/2023\/02\/alnatural1440final.jpg\" \/>\n\t<meta property=\"og:image:width\" content=\"1400\" \/>\n\t<meta property=\"og:image:height\" content=\"1400\" \/>\n\t<meta property=\"og:image:type\" content=\"image\/jpeg\" \/>\n<meta name=\"twitter:card\" content=\"summary_large_image\" \/>\n<meta name=\"twitter:site\" content=\"@LHorizonviolet\" \/>\n<meta name=\"twitter:label1\" content=\"Est. reading time\" \/>\n\t<meta name=\"twitter:data1\" content=\"1 minute\" \/>\n<script type=\"application\/ld+json\" class=\"yoast-schema-graph\">{\"@context\":\"https:\/\/schema.org\",\"@graph\":[{\"@type\":\"WebPage\",\"@id\":\"https:\/\/www.lhorizonviolet.com\/en\/produit\/ricardo-sandoval-al-natural\/\",\"url\":\"https:\/\/www.lhorizonviolet.com\/en\/produit\/ricardo-sandoval-al-natural\/\",\"name\":\"Ricardo Sandoval AL NATURAL - L&#039;Horizon Violet\",\"isPartOf\":{\"@id\":\"https:\/\/www.lhorizonviolet.com\/#website\"},\"primaryImageOfPage\":{\"@id\":\"https:\/\/www.lhorizonviolet.com\/en\/produit\/ricardo-sandoval-al-natural\/#primaryimage\"},\"image\":{\"@id\":\"https:\/\/www.lhorizonviolet.com\/en\/produit\/ricardo-sandoval-al-natural\/#primaryimage\"},\"thumbnailUrl\":\"https:\/\/www.lhorizonviolet.com\/wp-content\/uploads\/2023\/02\/alnatural1440final.jpg\",\"datePublished\":\"2023-03-15T13:02:19+00:00\",\"dateModified\":\"2023-04-07T11:46:43+00:00\",\"breadcrumb\":{\"@id\":\"https:\/\/www.lhorizonviolet.com\/en\/produit\/ricardo-sandoval-al-natural\/#breadcrumb\"},\"inLanguage\":\"en-US\",\"potentialAction\":[{\"@type\":\"ReadAction\",\"target\":[\"https:\/\/www.lhorizonviolet.com\/en\/produit\/ricardo-sandoval-al-natural\/\"]}]},{\"@type\":\"ImageObject\",\"inLanguage\":\"en-US\",\"@id\":\"https:\/\/www.lhorizonviolet.com\/en\/produit\/ricardo-sandoval-al-natural\/#primaryimage\",\"url\":\"https:\/\/www.lhorizonviolet.com\/wp-content\/uploads\/2023\/02\/alnatural1440final.jpg\",\"contentUrl\":\"https:\/\/www.lhorizonviolet.com\/wp-content\/uploads\/2023\/02\/alnatural1440final.jpg\",\"width\":1400,\"height\":1400,\"caption\":\"Album de Ricardo Sandoval - Al Natural - Compositions for mandolin and bandolas of Venezuela\"},{\"@type\":\"BreadcrumbList\",\"@id\":\"https:\/\/www.lhorizonviolet.com\/en\/produit\/ricardo-sandoval-al-natural\/#breadcrumb\",\"itemListElement\":[{\"@type\":\"ListItem\",\"position\":1,\"name\":\"Accueil\",\"item\":\"https:\/\/www.lhorizonviolet.com\/lhorizon-violet-2\/\"},{\"@type\":\"ListItem\",\"position\":2,\"name\":\"Shop\",\"item\":\"https:\/\/www.lhorizonviolet.com\/en\/shop-2\/\"},{\"@type\":\"ListItem\",\"position\":3,\"name\":\"Ricardo Sandoval AL NATURAL\"}]},{\"@type\":\"WebSite\",\"@id\":\"https:\/\/www.lhorizonviolet.com\/#website\",\"url\":\"https:\/\/www.lhorizonviolet.com\/\",\"name\":\"L'Horizon Violet\",\"description\":\"Label de musique ind\u00e9pendant, producteur phonographique et \u00e9diteur, bas\u00e9 \u00e0 Paris.\",\"publisher\":{\"@id\":\"https:\/\/www.lhorizonviolet.com\/#organization\"},\"alternateName\":\"L\u2019Horizon violet est un label bas\u00e9 \u00e0 Paris\",\"potentialAction\":[{\"@type\":\"SearchAction\",\"target\":{\"@type\":\"EntryPoint\",\"urlTemplate\":\"https:\/\/www.lhorizonviolet.com\/?s={search_term_string}\"},\"query-input\":{\"@type\":\"PropertyValueSpecification\",\"valueRequired\":true,\"valueName\":\"search_term_string\"}}],\"inLanguage\":\"en-US\"},{\"@type\":\"Organization\",\"@id\":\"https:\/\/www.lhorizonviolet.com\/#organization\",\"name\":\"L'Horizon Violet\",\"alternateName\":\"Label de Musique L'Horizon Violet\",\"url\":\"https:\/\/www.lhorizonviolet.com\/\",\"logo\":{\"@type\":\"ImageObject\",\"inLanguage\":\"en-US\",\"@id\":\"https:\/\/www.lhorizonviolet.com\/#\/schema\/logo\/image\/\",\"url\":\"https:\/\/www.lhorizonviolet.com\/wp-content\/uploads\/2023\/02\/horizonviolet.png\",\"contentUrl\":\"https:\/\/www.lhorizonviolet.com\/wp-content\/uploads\/2023\/02\/horizonviolet.png\",\"width\":1000,\"height\":152,\"caption\":\"L'Horizon Violet\"},\"image\":{\"@id\":\"https:\/\/www.lhorizonviolet.com\/#\/schema\/logo\/image\/\"},\"sameAs\":[\"https:\/\/www.facebook.com\/LHorizonviolet\",\"https:\/\/x.com\/LHorizonviolet\",\"https:\/\/soundcloud.com\/horizonviolet\",\"https:\/\/www.youtube.com\/user\/horizonvioletlabel\/featured\"]}]}<\/script>\n<!-- \/ Yoast SEO plugin. -->","yoast_head_json":{"title":"Ricardo Sandoval AL NATURAL - L&#039;Horizon Violet","robots":{"index":"index","follow":"follow","max-snippet":"max-snippet:-1","max-image-preview":"max-image-preview:large","max-video-preview":"max-video-preview:-1"},"canonical":"https:\/\/www.lhorizonviolet.com\/en\/produit\/ricardo-sandoval-al-natural\/","og_locale":"en_US","og_type":"article","og_title":"Ricardo Sandoval AL NATURAL - L&#039;Horizon Violet","og_description":"AL NATURAL &nbsp; Ricardo Sandoval : composition, mandolin, bandola llanera, bandola oriental Nelson G\u00f3mez : guitarron ( mexican bass) Rafael Mejias : percussion Crist\u00f3bal Soto : cuatro (venezuelian guitar) About the album \u00ab\u00a0Al Natural\u00a0\u00bb (2005) \u00ab\u00a0For this album, I wanted a spontaneous recording, looking like a musical gathering with friends, without the coldness of the [&hellip;]","og_url":"https:\/\/www.lhorizonviolet.com\/en\/produit\/ricardo-sandoval-al-natural\/","og_site_name":"L&#039;Horizon Violet","article_publisher":"https:\/\/www.facebook.com\/LHorizonviolet","article_modified_time":"2023-04-07T11:46:43+00:00","og_image":[{"width":1400,"height":1400,"url":"https:\/\/www.lhorizonviolet.com\/wp-content\/uploads\/2023\/02\/alnatural1440final.jpg","type":"image\/jpeg"}],"twitter_card":"summary_large_image","twitter_site":"@LHorizonviolet","twitter_misc":{"Est. reading time":"1 minute"},"schema":{"@context":"https:\/\/schema.org","@graph":[{"@type":"WebPage","@id":"https:\/\/www.lhorizonviolet.com\/en\/produit\/ricardo-sandoval-al-natural\/","url":"https:\/\/www.lhorizonviolet.com\/en\/produit\/ricardo-sandoval-al-natural\/","name":"Ricardo Sandoval AL NATURAL - L&#039;Horizon Violet","isPartOf":{"@id":"https:\/\/www.lhorizonviolet.com\/#website"},"primaryImageOfPage":{"@id":"https:\/\/www.lhorizonviolet.com\/en\/produit\/ricardo-sandoval-al-natural\/#primaryimage"},"image":{"@id":"https:\/\/www.lhorizonviolet.com\/en\/produit\/ricardo-sandoval-al-natural\/#primaryimage"},"thumbnailUrl":"https:\/\/www.lhorizonviolet.com\/wp-content\/uploads\/2023\/02\/alnatural1440final.jpg","datePublished":"2023-03-15T13:02:19+00:00","dateModified":"2023-04-07T11:46:43+00:00","breadcrumb":{"@id":"https:\/\/www.lhorizonviolet.com\/en\/produit\/ricardo-sandoval-al-natural\/#breadcrumb"},"inLanguage":"en-US","potentialAction":[{"@type":"ReadAction","target":["https:\/\/www.lhorizonviolet.com\/en\/produit\/ricardo-sandoval-al-natural\/"]}]},{"@type":"ImageObject","inLanguage":"en-US","@id":"https:\/\/www.lhorizonviolet.com\/en\/produit\/ricardo-sandoval-al-natural\/#primaryimage","url":"https:\/\/www.lhorizonviolet.com\/wp-content\/uploads\/2023\/02\/alnatural1440final.jpg","contentUrl":"https:\/\/www.lhorizonviolet.com\/wp-content\/uploads\/2023\/02\/alnatural1440final.jpg","width":1400,"height":1400,"caption":"Album de Ricardo Sandoval - Al Natural - Compositions for mandolin and bandolas of Venezuela"},{"@type":"BreadcrumbList","@id":"https:\/\/www.lhorizonviolet.com\/en\/produit\/ricardo-sandoval-al-natural\/#breadcrumb","itemListElement":[{"@type":"ListItem","position":1,"name":"Accueil","item":"https:\/\/www.lhorizonviolet.com\/lhorizon-violet-2\/"},{"@type":"ListItem","position":2,"name":"Shop","item":"https:\/\/www.lhorizonviolet.com\/en\/shop-2\/"},{"@type":"ListItem","position":3,"name":"Ricardo Sandoval AL NATURAL"}]},{"@type":"WebSite","@id":"https:\/\/www.lhorizonviolet.com\/#website","url":"https:\/\/www.lhorizonviolet.com\/","name":"L'Horizon Violet","description":"Label de musique ind\u00e9pendant, producteur phonographique et \u00e9diteur, bas\u00e9 \u00e0 Paris.","publisher":{"@id":"https:\/\/www.lhorizonviolet.com\/#organization"},"alternateName":"L\u2019Horizon violet est un label bas\u00e9 \u00e0 Paris","potentialAction":[{"@type":"SearchAction","target":{"@type":"EntryPoint","urlTemplate":"https:\/\/www.lhorizonviolet.com\/?s={search_term_string}"},"query-input":{"@type":"PropertyValueSpecification","valueRequired":true,"valueName":"search_term_string"}}],"inLanguage":"en-US"},{"@type":"Organization","@id":"https:\/\/www.lhorizonviolet.com\/#organization","name":"L'Horizon Violet","alternateName":"Label de Musique L'Horizon Violet","url":"https:\/\/www.lhorizonviolet.com\/","logo":{"@type":"ImageObject","inLanguage":"en-US","@id":"https:\/\/www.lhorizonviolet.com\/#\/schema\/logo\/image\/","url":"https:\/\/www.lhorizonviolet.com\/wp-content\/uploads\/2023\/02\/horizonviolet.png","contentUrl":"https:\/\/www.lhorizonviolet.com\/wp-content\/uploads\/2023\/02\/horizonviolet.png","width":1000,"height":152,"caption":"L'Horizon Violet"},"image":{"@id":"https:\/\/www.lhorizonviolet.com\/#\/schema\/logo\/image\/"},"sameAs":["https:\/\/www.facebook.com\/LHorizonviolet","https:\/\/x.com\/LHorizonviolet","https:\/\/soundcloud.com\/horizonviolet","https:\/\/www.youtube.com\/user\/horizonvioletlabel\/featured"]}]}},"_links":{"self":[{"href":"https:\/\/www.lhorizonviolet.com\/en\/wp-json\/wp\/v2\/product\/1624","targetHints":{"allow":["GET"]}}],"collection":[{"href":"https:\/\/www.lhorizonviolet.com\/en\/wp-json\/wp\/v2\/product"}],"about":[{"href":"https:\/\/www.lhorizonviolet.com\/en\/wp-json\/wp\/v2\/types\/product"}],"wp:featuredmedia":[{"embeddable":true,"href":"https:\/\/www.lhorizonviolet.com\/en\/wp-json\/wp\/v2\/media\/1508"}],"wp:attachment":[{"href":"https:\/\/www.lhorizonviolet.com\/en\/wp-json\/wp\/v2\/media?parent=1624"}],"wp:term":[{"taxonomy":"product_brand","embeddable":true,"href":"https:\/\/www.lhorizonviolet.com\/en\/wp-json\/wp\/v2\/product_brand?post=1624"},{"taxonomy":"product_cat","embeddable":true,"href":"https:\/\/www.lhorizonviolet.com\/en\/wp-json\/wp\/v2\/product_cat?post=1624"},{"taxonomy":"product_tag","embeddable":true,"href":"https:\/\/www.lhorizonviolet.com\/en\/wp-json\/wp\/v2\/product_tag?post=1624"}],"curies":[{"name":"wp","href":"https:\/\/api.w.org\/{rel}","templated":true}]}}