{"id":1623,"date":"2023-03-24T14:22:47","date_gmt":"2023-03-24T13:22:47","guid":{"rendered":"https:\/\/www.horizonviolet.com\/horizonvioletNEW\/?post_type=product&#038;p=1623"},"modified":"2023-04-07T13:43:54","modified_gmt":"2023-04-07T11:43:54","slug":"monica-taragano-o-femme","status":"publish","type":"product","link":"https:\/\/www.lhorizonviolet.com\/en\/produit\/monica-taragano-o-femme\/","title":{"rendered":"MONICA TARAGANO \u00d4 FEMME\u2026"},"content":{"rendered":"<p><b>Monica Taragano<\/b> : flute, musical direction<br \/>\n<b>Fang-Yi Lee<\/b> : piano<br \/>\n<b>Cristina Azuma<\/b> : guitar<br \/>\n<b>Vinciane B\u00e9ranger<\/b> : viola<\/p>\n<p>\u00ab\u00a0\u00d4 Femme \u2026\u00a0\u00bb invites to a musical journey highlighting the different facets of women through music and\u00a0 time. The repertoire \u2013 which responds to an eminently personal and subjective choice \u2013 nonetheless follows a thread on several levels.<\/p>\n<p>On one hand, history shows us with countless examples that women did not have the same right of access to music as men did. It is a stark reality that even now in the 21st century, figures from different studies place the percentage of female composers today at less than 10% in France. This album wants to pay tribute to all these women, who, thanks to their talent and determination, succeeded in freeing themselves from prejudices and obstacles in order to live out their passion, in a context often dominated by men.<\/p>\n<p>On the other hand we will encounter emblematic figures echoing the power of life itself as well as both the strength and fragility of being a woman. Finally a last dimension will reveal what I like to call the \u00ab\u00a0women-muses\u00a0\u00bb, those women who inspired \u2013 and sometimes fertilized \u2013 the work of great men.<\/p>\n<p>The choice of performers, exclusively female, symbolizes and underlines our support for women \u2013 from all over the world and in all fields \u2013 so that they succeed in achieving their dreams.<\/p>\n<p>______________________________<\/p>\n<p>The album opens with <strong>Mel Bonis<\/strong>\u2018 \u00ab\u00a0Sonata\u00a0\u00bb (1858-1937), a very poetic work of great formal rigor, which in our eyes deserves to be better known and recognized, and which has its place in the great repertoire for flute and piano.<\/p>\n<p>It is followed by a monodic chant by <strong>Hildegarde de Bingen<\/strong> (1098-1179), abbess and mystic of the Middle Ages. A suspended moment, out of time \u2013 prayer or meditation \u2013 carried here by the solo flute. The modal language of this song will serve as a bridge through the centuries to arrive at the \u00ab\u00a0Forlane\u00a0\u00bb of <strong>Germaine Tailleferre<\/strong> (1892-1983), the only woman of the famous Parisian \u00ab\u00a0Groupe des Six\u00a0\u00bb.<\/p>\n<p>The central part of the album is marked by a thunderclap, it announces the voluptuous and heady death of <strong>Isolde<\/strong>, this heroine of Germanic mythology whose sublime love rises to the heaven, and who inspired Wagner to produce a stunning piece of music. Here the piano transcription by Franz Liszt, under the fingers of <strong>Fang-Yi Lee<\/strong>, shines at the top. The last ascending arpeggios are diluted in another, distant and immaterial sphere. From there, the rarefied and strange landscape of \u00ab\u00a0Lagrimas de un cielo perdido\u00a0\u00bb is gradually revealed. This is an electro-acoustic work commisioned for this project by the composer <strong>Julieta Szewach <\/strong>(born 1973). As often, the extremes touch, and this contemporary piece dialogues and strangely resonates with the medieval chant of Hildegarde. Claude Debussy\u2019s nymph <strong>Syrinx<\/strong> closes this sequence. It reminds us of the tragic destiny of some women, but also gives us hope with the possibility of a metamorphosis.<\/p>\n<p align=\"left\"><img loading=\"lazy\" decoding=\"async\" class=\"wp-image-1972  alignleft\" title=\"agemur2\" src=\"https:\/\/www.horizonviolet.com\/wp-content\/uploads\/2020\/08\/10032020-DSCF7639.gif\" alt=\"\" width=\"334\" height=\"501\" \/><\/p>\n<p>A return to reality, an awakening, with the \u201cNocturne\u201d by the talented <strong>Lili Boulanger<\/strong> (1893-1918), who died at just 24 years old, leaving us with musical pieces of great beauty. The travel ends with two pieces from the series \u00ab\u00a0Mujeres, paisajes y retratos\u00a0\u00bb by the Cuban composer Leo Brouwer (born in 1939) : a sparkling \u00ab\u00a0Mujer bailando un Minuetto\u00a0\u00bb and a \u00ab\u00a0Portrait of Wagner and Mathilde\u00a0\u00bb which refers to <strong>Mathilde de Wessendock<\/strong>, poetess, muse and great friend of Richard Wagner, the one who rightly inspired his masterful \u00ab\u00a0Tristan and Isolde\u00a0\u00bb which was mentioned earlier.<\/p>\n<p>Monica Taragano, musical director<\/p>\n<div>Cover photo: \u00a9 Gabriela Morawetz<\/div>\n<div>Photo of artists: \u00a9 Francis Th\u00e9ry<\/div>\n","protected":false},"excerpt":{"rendered":"<p>Monica Taragano : flute, musical direction Fang-Yi Lee : piano Cristina Azuma : guitar Vinciane B\u00e9ranger : viola \u00ab\u00a0\u00d4 Femme \u2026\u00a0\u00bb invites to a musical journey highlighting the different facets of women through music and\u00a0 time. The repertoire \u2013 which responds to an eminently personal and subjective choice \u2013 nonetheless follows a thread on several [&hellip;]<\/p>\n","protected":false},"featured_media":1576,"template":"","meta":[],"product_brand":[],"product_cat":[],"product_tag":[],"class_list":{"0":"post-1623","1":"product","2":"type-product","3":"status-publish","4":"has-post-thumbnail","7":"first","8":"instock","9":"shipping-taxable","10":"purchasable","11":"product-type-simple"},"yoast_head":"<!-- This site is optimized with the Yoast SEO plugin v26.9 - https:\/\/yoast.com\/product\/yoast-seo-wordpress\/ -->\n<title>MONICA TARAGANO \u00d4 FEMME\u2026 - L&#039;Horizon Violet<\/title>\n<meta name=\"robots\" content=\"index, follow, max-snippet:-1, max-image-preview:large, max-video-preview:-1\" \/>\n<link rel=\"canonical\" href=\"https:\/\/www.lhorizonviolet.com\/en\/produit\/monica-taragano-o-femme\/\" \/>\n<meta property=\"og:locale\" content=\"en_US\" \/>\n<meta property=\"og:type\" content=\"article\" \/>\n<meta property=\"og:title\" content=\"MONICA TARAGANO \u00d4 FEMME\u2026 - L&#039;Horizon Violet\" \/>\n<meta property=\"og:description\" content=\"Monica Taragano : flute, musical direction Fang-Yi Lee : piano Cristina Azuma : guitar Vinciane B\u00e9ranger : viola \u00ab\u00a0\u00d4 Femme \u2026\u00a0\u00bb invites to a musical journey highlighting the different facets of women through music and\u00a0 time. The repertoire \u2013 which responds to an eminently personal and subjective choice \u2013 nonetheless follows a thread on several [&hellip;]\" \/>\n<meta property=\"og:url\" content=\"https:\/\/www.lhorizonviolet.com\/en\/produit\/monica-taragano-o-femme\/\" \/>\n<meta property=\"og:site_name\" content=\"L&#039;Horizon Violet\" \/>\n<meta property=\"article:publisher\" content=\"https:\/\/www.facebook.com\/LHorizonviolet\" \/>\n<meta property=\"article:modified_time\" content=\"2023-04-07T11:43:54+00:00\" \/>\n<meta property=\"og:image\" content=\"https:\/\/www.lhorizonviolet.com\/wp-content\/uploads\/2023\/03\/ofemme.jpg\" \/>\n\t<meta property=\"og:image:width\" content=\"450\" \/>\n\t<meta property=\"og:image:height\" content=\"464\" \/>\n\t<meta property=\"og:image:type\" content=\"image\/jpeg\" \/>\n<meta name=\"twitter:card\" content=\"summary_large_image\" \/>\n<meta name=\"twitter:site\" content=\"@LHorizonviolet\" \/>\n<meta name=\"twitter:label1\" content=\"Est. reading time\" \/>\n\t<meta name=\"twitter:data1\" content=\"3 minutes\" \/>\n<script type=\"application\/ld+json\" class=\"yoast-schema-graph\">{\"@context\":\"https:\/\/schema.org\",\"@graph\":[{\"@type\":\"WebPage\",\"@id\":\"https:\/\/www.lhorizonviolet.com\/en\/produit\/monica-taragano-o-femme\/\",\"url\":\"https:\/\/www.lhorizonviolet.com\/en\/produit\/monica-taragano-o-femme\/\",\"name\":\"MONICA TARAGANO \u00d4 FEMME\u2026 - L&#039;Horizon Violet\",\"isPartOf\":{\"@id\":\"https:\/\/www.lhorizonviolet.com\/#website\"},\"primaryImageOfPage\":{\"@id\":\"https:\/\/www.lhorizonviolet.com\/en\/produit\/monica-taragano-o-femme\/#primaryimage\"},\"image\":{\"@id\":\"https:\/\/www.lhorizonviolet.com\/en\/produit\/monica-taragano-o-femme\/#primaryimage\"},\"thumbnailUrl\":\"https:\/\/www.lhorizonviolet.com\/wp-content\/uploads\/2023\/03\/ofemme.jpg\",\"datePublished\":\"2023-03-24T13:22:47+00:00\",\"dateModified\":\"2023-04-07T11:43:54+00:00\",\"breadcrumb\":{\"@id\":\"https:\/\/www.lhorizonviolet.com\/en\/produit\/monica-taragano-o-femme\/#breadcrumb\"},\"inLanguage\":\"en-US\",\"potentialAction\":[{\"@type\":\"ReadAction\",\"target\":[\"https:\/\/www.lhorizonviolet.com\/en\/produit\/monica-taragano-o-femme\/\"]}]},{\"@type\":\"ImageObject\",\"inLanguage\":\"en-US\",\"@id\":\"https:\/\/www.lhorizonviolet.com\/en\/produit\/monica-taragano-o-femme\/#primaryimage\",\"url\":\"https:\/\/www.lhorizonviolet.com\/wp-content\/uploads\/2023\/03\/ofemme.jpg\",\"contentUrl\":\"https:\/\/www.lhorizonviolet.com\/wp-content\/uploads\/2023\/03\/ofemme.jpg\",\"width\":450,\"height\":464,\"caption\":\"\u00d4 FEMME. L'album de Monica Taragano. Avec Fang-Yi LEE, Vinciane B\u00e9ranger et Cristina Azuma\"},{\"@type\":\"BreadcrumbList\",\"@id\":\"https:\/\/www.lhorizonviolet.com\/en\/produit\/monica-taragano-o-femme\/#breadcrumb\",\"itemListElement\":[{\"@type\":\"ListItem\",\"position\":1,\"name\":\"Accueil\",\"item\":\"https:\/\/www.lhorizonviolet.com\/lhorizon-violet-2\/\"},{\"@type\":\"ListItem\",\"position\":2,\"name\":\"Shop\",\"item\":\"https:\/\/www.lhorizonviolet.com\/en\/shop-2\/\"},{\"@type\":\"ListItem\",\"position\":3,\"name\":\"MONICA TARAGANO \u00d4 FEMME\u2026\"}]},{\"@type\":\"WebSite\",\"@id\":\"https:\/\/www.lhorizonviolet.com\/#website\",\"url\":\"https:\/\/www.lhorizonviolet.com\/\",\"name\":\"L'Horizon Violet\",\"description\":\"Label de musique ind\u00e9pendant, producteur phonographique et \u00e9diteur, bas\u00e9 \u00e0 Paris.\",\"publisher\":{\"@id\":\"https:\/\/www.lhorizonviolet.com\/#organization\"},\"alternateName\":\"L\u2019Horizon violet est un label bas\u00e9 \u00e0 Paris\",\"potentialAction\":[{\"@type\":\"SearchAction\",\"target\":{\"@type\":\"EntryPoint\",\"urlTemplate\":\"https:\/\/www.lhorizonviolet.com\/?s={search_term_string}\"},\"query-input\":{\"@type\":\"PropertyValueSpecification\",\"valueRequired\":true,\"valueName\":\"search_term_string\"}}],\"inLanguage\":\"en-US\"},{\"@type\":\"Organization\",\"@id\":\"https:\/\/www.lhorizonviolet.com\/#organization\",\"name\":\"L'Horizon Violet\",\"alternateName\":\"Label de Musique L'Horizon Violet\",\"url\":\"https:\/\/www.lhorizonviolet.com\/\",\"logo\":{\"@type\":\"ImageObject\",\"inLanguage\":\"en-US\",\"@id\":\"https:\/\/www.lhorizonviolet.com\/#\/schema\/logo\/image\/\",\"url\":\"https:\/\/www.lhorizonviolet.com\/wp-content\/uploads\/2023\/02\/horizonviolet.png\",\"contentUrl\":\"https:\/\/www.lhorizonviolet.com\/wp-content\/uploads\/2023\/02\/horizonviolet.png\",\"width\":1000,\"height\":152,\"caption\":\"L'Horizon Violet\"},\"image\":{\"@id\":\"https:\/\/www.lhorizonviolet.com\/#\/schema\/logo\/image\/\"},\"sameAs\":[\"https:\/\/www.facebook.com\/LHorizonviolet\",\"https:\/\/x.com\/LHorizonviolet\",\"https:\/\/soundcloud.com\/horizonviolet\",\"https:\/\/www.youtube.com\/user\/horizonvioletlabel\/featured\"]}]}<\/script>\n<!-- \/ Yoast SEO plugin. -->","yoast_head_json":{"title":"MONICA TARAGANO \u00d4 FEMME\u2026 - L&#039;Horizon Violet","robots":{"index":"index","follow":"follow","max-snippet":"max-snippet:-1","max-image-preview":"max-image-preview:large","max-video-preview":"max-video-preview:-1"},"canonical":"https:\/\/www.lhorizonviolet.com\/en\/produit\/monica-taragano-o-femme\/","og_locale":"en_US","og_type":"article","og_title":"MONICA TARAGANO \u00d4 FEMME\u2026 - L&#039;Horizon Violet","og_description":"Monica Taragano : flute, musical direction Fang-Yi Lee : piano Cristina Azuma : guitar Vinciane B\u00e9ranger : viola \u00ab\u00a0\u00d4 Femme \u2026\u00a0\u00bb invites to a musical journey highlighting the different facets of women through music and\u00a0 time. The repertoire \u2013 which responds to an eminently personal and subjective choice \u2013 nonetheless follows a thread on several [&hellip;]","og_url":"https:\/\/www.lhorizonviolet.com\/en\/produit\/monica-taragano-o-femme\/","og_site_name":"L&#039;Horizon Violet","article_publisher":"https:\/\/www.facebook.com\/LHorizonviolet","article_modified_time":"2023-04-07T11:43:54+00:00","og_image":[{"width":450,"height":464,"url":"https:\/\/www.lhorizonviolet.com\/wp-content\/uploads\/2023\/03\/ofemme.jpg","type":"image\/jpeg"}],"twitter_card":"summary_large_image","twitter_site":"@LHorizonviolet","twitter_misc":{"Est. reading time":"3 minutes"},"schema":{"@context":"https:\/\/schema.org","@graph":[{"@type":"WebPage","@id":"https:\/\/www.lhorizonviolet.com\/en\/produit\/monica-taragano-o-femme\/","url":"https:\/\/www.lhorizonviolet.com\/en\/produit\/monica-taragano-o-femme\/","name":"MONICA TARAGANO \u00d4 FEMME\u2026 - L&#039;Horizon Violet","isPartOf":{"@id":"https:\/\/www.lhorizonviolet.com\/#website"},"primaryImageOfPage":{"@id":"https:\/\/www.lhorizonviolet.com\/en\/produit\/monica-taragano-o-femme\/#primaryimage"},"image":{"@id":"https:\/\/www.lhorizonviolet.com\/en\/produit\/monica-taragano-o-femme\/#primaryimage"},"thumbnailUrl":"https:\/\/www.lhorizonviolet.com\/wp-content\/uploads\/2023\/03\/ofemme.jpg","datePublished":"2023-03-24T13:22:47+00:00","dateModified":"2023-04-07T11:43:54+00:00","breadcrumb":{"@id":"https:\/\/www.lhorizonviolet.com\/en\/produit\/monica-taragano-o-femme\/#breadcrumb"},"inLanguage":"en-US","potentialAction":[{"@type":"ReadAction","target":["https:\/\/www.lhorizonviolet.com\/en\/produit\/monica-taragano-o-femme\/"]}]},{"@type":"ImageObject","inLanguage":"en-US","@id":"https:\/\/www.lhorizonviolet.com\/en\/produit\/monica-taragano-o-femme\/#primaryimage","url":"https:\/\/www.lhorizonviolet.com\/wp-content\/uploads\/2023\/03\/ofemme.jpg","contentUrl":"https:\/\/www.lhorizonviolet.com\/wp-content\/uploads\/2023\/03\/ofemme.jpg","width":450,"height":464,"caption":"\u00d4 FEMME. L'album de Monica Taragano. Avec Fang-Yi LEE, Vinciane B\u00e9ranger et Cristina Azuma"},{"@type":"BreadcrumbList","@id":"https:\/\/www.lhorizonviolet.com\/en\/produit\/monica-taragano-o-femme\/#breadcrumb","itemListElement":[{"@type":"ListItem","position":1,"name":"Accueil","item":"https:\/\/www.lhorizonviolet.com\/lhorizon-violet-2\/"},{"@type":"ListItem","position":2,"name":"Shop","item":"https:\/\/www.lhorizonviolet.com\/en\/shop-2\/"},{"@type":"ListItem","position":3,"name":"MONICA TARAGANO \u00d4 FEMME\u2026"}]},{"@type":"WebSite","@id":"https:\/\/www.lhorizonviolet.com\/#website","url":"https:\/\/www.lhorizonviolet.com\/","name":"L'Horizon Violet","description":"Label de musique ind\u00e9pendant, producteur phonographique et \u00e9diteur, bas\u00e9 \u00e0 Paris.","publisher":{"@id":"https:\/\/www.lhorizonviolet.com\/#organization"},"alternateName":"L\u2019Horizon violet est un label bas\u00e9 \u00e0 Paris","potentialAction":[{"@type":"SearchAction","target":{"@type":"EntryPoint","urlTemplate":"https:\/\/www.lhorizonviolet.com\/?s={search_term_string}"},"query-input":{"@type":"PropertyValueSpecification","valueRequired":true,"valueName":"search_term_string"}}],"inLanguage":"en-US"},{"@type":"Organization","@id":"https:\/\/www.lhorizonviolet.com\/#organization","name":"L'Horizon Violet","alternateName":"Label de Musique L'Horizon Violet","url":"https:\/\/www.lhorizonviolet.com\/","logo":{"@type":"ImageObject","inLanguage":"en-US","@id":"https:\/\/www.lhorizonviolet.com\/#\/schema\/logo\/image\/","url":"https:\/\/www.lhorizonviolet.com\/wp-content\/uploads\/2023\/02\/horizonviolet.png","contentUrl":"https:\/\/www.lhorizonviolet.com\/wp-content\/uploads\/2023\/02\/horizonviolet.png","width":1000,"height":152,"caption":"L'Horizon Violet"},"image":{"@id":"https:\/\/www.lhorizonviolet.com\/#\/schema\/logo\/image\/"},"sameAs":["https:\/\/www.facebook.com\/LHorizonviolet","https:\/\/x.com\/LHorizonviolet","https:\/\/soundcloud.com\/horizonviolet","https:\/\/www.youtube.com\/user\/horizonvioletlabel\/featured"]}]}},"_links":{"self":[{"href":"https:\/\/www.lhorizonviolet.com\/en\/wp-json\/wp\/v2\/product\/1623","targetHints":{"allow":["GET"]}}],"collection":[{"href":"https:\/\/www.lhorizonviolet.com\/en\/wp-json\/wp\/v2\/product"}],"about":[{"href":"https:\/\/www.lhorizonviolet.com\/en\/wp-json\/wp\/v2\/types\/product"}],"wp:featuredmedia":[{"embeddable":true,"href":"https:\/\/www.lhorizonviolet.com\/en\/wp-json\/wp\/v2\/media\/1576"}],"wp:attachment":[{"href":"https:\/\/www.lhorizonviolet.com\/en\/wp-json\/wp\/v2\/media?parent=1623"}],"wp:term":[{"taxonomy":"product_brand","embeddable":true,"href":"https:\/\/www.lhorizonviolet.com\/en\/wp-json\/wp\/v2\/product_brand?post=1623"},{"taxonomy":"product_cat","embeddable":true,"href":"https:\/\/www.lhorizonviolet.com\/en\/wp-json\/wp\/v2\/product_cat?post=1623"},{"taxonomy":"product_tag","embeddable":true,"href":"https:\/\/www.lhorizonviolet.com\/en\/wp-json\/wp\/v2\/product_tag?post=1623"}],"curies":[{"name":"wp","href":"https:\/\/api.w.org\/{rel}","templated":true}]}}